{"id":210,"date":"2024-01-06T18:47:28","date_gmt":"2024-01-06T17:47:28","guid":{"rendered":"https:\/\/utulok-piestany.sk\/eshop\/?post_type=product&#038;p=210"},"modified":"2024-01-06T19:45:21","modified_gmt":"2024-01-06T18:45:21","slug":"velke-oblecenie-18","status":"publish","type":"product","link":"https:\/\/utulok-piestany.sk\/eshop\/produkt\/velke-oblecenie-18\/","title":{"rendered":"Ve\u013ek\u00e9 oble\u010denie 18"},"content":{"rendered":"<p>Ve\u013ek\u00e9 oble\u010denie pre ps\u00edka.<\/p>\n","protected":false},"excerpt":{"rendered":"<p>Ve\u013ek\u00e9 oble\u010denie pre ps\u00edka.<\/p>\n","protected":false},"featured_media":262,"comment_status":"open","ping_status":"closed","template":"","meta":[],"product_cat":[17,20],"product_tag":[],"class_list":{"0":"post-210","1":"product","2":"type-product","3":"status-publish","4":"has-post-thumbnail","6":"product_cat-oblecenie","7":"product_cat-velke","9":"first","10":"instock","11":"sold-individually","12":"shipping-taxable","13":"purchasable","14":"product-type-simple"},"jetpack_sharing_enabled":true,"_links":{"self":[{"href":"https:\/\/utulok-piestany.sk\/eshop\/wp-json\/wp\/v2\/product\/210","targetHints":{"allow":["GET"]}}],"collection":[{"href":"https:\/\/utulok-piestany.sk\/eshop\/wp-json\/wp\/v2\/product"}],"about":[{"href":"https:\/\/utulok-piestany.sk\/eshop\/wp-json\/wp\/v2\/types\/product"}],"replies":[{"embeddable":true,"href":"https:\/\/utulok-piestany.sk\/eshop\/wp-json\/wp\/v2\/comments?post=210"}],"wp:featuredmedia":[{"embeddable":true,"href":"https:\/\/utulok-piestany.sk\/eshop\/wp-json\/wp\/v2\/media\/262"}],"wp:attachment":[{"href":"https:\/\/utulok-piestany.sk\/eshop\/wp-json\/wp\/v2\/media?parent=210"}],"wp:term":[{"taxonomy":"product_cat","embeddable":true,"href":"https:\/\/utulok-piestany.sk\/eshop\/wp-json\/wp\/v2\/product_cat?post=210"},{"taxonomy":"product_tag","embeddable":true,"href":"https:\/\/utulok-piestany.sk\/eshop\/wp-json\/wp\/v2\/product_tag?post=210"}],"curies":[{"name":"wp","href":"https:\/\/api.w.org\/{rel}","templated":true}]}}