{"id":191,"date":"2024-01-06T18:36:58","date_gmt":"2024-01-06T17:36:58","guid":{"rendered":"https:\/\/utulok-piestany.sk\/eshop\/?post_type=product&#038;p=191"},"modified":"2024-01-06T20:03:59","modified_gmt":"2024-01-06T19:03:59","slug":"stredne-oblecenie-19","status":"publish","type":"product","link":"https:\/\/utulok-piestany.sk\/eshop\/produkt\/stredne-oblecenie-19\/","title":{"rendered":"Stredn\u00e9 oble\u010denie 19"},"content":{"rendered":"<p>Stredn\u00e9 oble\u010denie pre ps\u00edka.<\/p>\n","protected":false},"excerpt":{"rendered":"<p>Stredn\u00e9 oble\u010denie pre ps\u00edka.<\/p>\n","protected":false},"featured_media":279,"comment_status":"open","ping_status":"closed","template":"","meta":[],"product_cat":[17,19],"product_tag":[],"class_list":{"0":"post-191","1":"product","2":"type-product","3":"status-publish","4":"has-post-thumbnail","6":"product_cat-oblecenie","7":"product_cat-stredne","9":"first","10":"instock","11":"sold-individually","12":"shipping-taxable","13":"purchasable","14":"product-type-simple"},"jetpack_sharing_enabled":true,"_links":{"self":[{"href":"https:\/\/utulok-piestany.sk\/eshop\/wp-json\/wp\/v2\/product\/191","targetHints":{"allow":["GET"]}}],"collection":[{"href":"https:\/\/utulok-piestany.sk\/eshop\/wp-json\/wp\/v2\/product"}],"about":[{"href":"https:\/\/utulok-piestany.sk\/eshop\/wp-json\/wp\/v2\/types\/product"}],"replies":[{"embeddable":true,"href":"https:\/\/utulok-piestany.sk\/eshop\/wp-json\/wp\/v2\/comments?post=191"}],"wp:featuredmedia":[{"embeddable":true,"href":"https:\/\/utulok-piestany.sk\/eshop\/wp-json\/wp\/v2\/media\/279"}],"wp:attachment":[{"href":"https:\/\/utulok-piestany.sk\/eshop\/wp-json\/wp\/v2\/media?parent=191"}],"wp:term":[{"taxonomy":"product_cat","embeddable":true,"href":"https:\/\/utulok-piestany.sk\/eshop\/wp-json\/wp\/v2\/product_cat?post=191"},{"taxonomy":"product_tag","embeddable":true,"href":"https:\/\/utulok-piestany.sk\/eshop\/wp-json\/wp\/v2\/product_tag?post=191"}],"curies":[{"name":"wp","href":"https:\/\/api.w.org\/{rel}","templated":true}]}}