{"id":185,"date":"2024-01-06T18:36:57","date_gmt":"2024-01-06T17:36:57","guid":{"rendered":"https:\/\/utulok-piestany.sk\/eshop\/?post_type=product&#038;p=185"},"modified":"2024-01-06T20:09:23","modified_gmt":"2024-01-06T19:09:23","slug":"stredne-oblecenie-13","status":"publish","type":"product","link":"https:\/\/utulok-piestany.sk\/eshop\/produkt\/stredne-oblecenie-13\/","title":{"rendered":"Stredn\u00e9 oble\u010denie 13"},"content":{"rendered":"<p>Stredn\u00e9 oble\u010denie pre ps\u00edka.<\/p>\n","protected":false},"excerpt":{"rendered":"<p>Stredn\u00e9 oble\u010denie pre ps\u00edka.<\/p>\n","protected":false},"featured_media":285,"comment_status":"open","ping_status":"closed","template":"","meta":[],"product_cat":[17,19],"product_tag":[],"class_list":{"0":"post-185","1":"product","2":"type-product","3":"status-publish","4":"has-post-thumbnail","6":"product_cat-oblecenie","7":"product_cat-stredne","9":"first","10":"instock","11":"sold-individually","12":"shipping-taxable","13":"purchasable","14":"product-type-simple"},"jetpack_sharing_enabled":true,"_links":{"self":[{"href":"https:\/\/utulok-piestany.sk\/eshop\/wp-json\/wp\/v2\/product\/185","targetHints":{"allow":["GET"]}}],"collection":[{"href":"https:\/\/utulok-piestany.sk\/eshop\/wp-json\/wp\/v2\/product"}],"about":[{"href":"https:\/\/utulok-piestany.sk\/eshop\/wp-json\/wp\/v2\/types\/product"}],"replies":[{"embeddable":true,"href":"https:\/\/utulok-piestany.sk\/eshop\/wp-json\/wp\/v2\/comments?post=185"}],"wp:featuredmedia":[{"embeddable":true,"href":"https:\/\/utulok-piestany.sk\/eshop\/wp-json\/wp\/v2\/media\/285"}],"wp:attachment":[{"href":"https:\/\/utulok-piestany.sk\/eshop\/wp-json\/wp\/v2\/media?parent=185"}],"wp:term":[{"taxonomy":"product_cat","embeddable":true,"href":"https:\/\/utulok-piestany.sk\/eshop\/wp-json\/wp\/v2\/product_cat?post=185"},{"taxonomy":"product_tag","embeddable":true,"href":"https:\/\/utulok-piestany.sk\/eshop\/wp-json\/wp\/v2\/product_tag?post=185"}],"curies":[{"name":"wp","href":"https:\/\/api.w.org\/{rel}","templated":true}]}}