{"id":178,"date":"2024-01-06T18:36:56","date_gmt":"2024-01-06T17:36:56","guid":{"rendered":"https:\/\/utulok-piestany.sk\/eshop\/?post_type=product&#038;p=178"},"modified":"2024-01-06T20:15:11","modified_gmt":"2024-01-06T19:15:11","slug":"stredne-oblecenie-6","status":"publish","type":"product","link":"https:\/\/utulok-piestany.sk\/eshop\/produkt\/stredne-oblecenie-6\/","title":{"rendered":"Stredn\u00e9 oble\u010denie 6"},"content":{"rendered":"<p>Stredn\u00e9 oble\u010denie pre ps\u00edka.<\/p>\n","protected":false},"excerpt":{"rendered":"<p>Stredn\u00e9 oble\u010denie pre ps\u00edka.<\/p>\n","protected":false},"featured_media":292,"comment_status":"open","ping_status":"closed","template":"","meta":[],"product_cat":[17,19],"product_tag":[],"class_list":{"0":"post-178","1":"product","2":"type-product","3":"status-publish","4":"has-post-thumbnail","6":"product_cat-oblecenie","7":"product_cat-stredne","9":"first","10":"instock","11":"sold-individually","12":"shipping-taxable","13":"purchasable","14":"product-type-simple"},"jetpack_sharing_enabled":true,"_links":{"self":[{"href":"https:\/\/utulok-piestany.sk\/eshop\/wp-json\/wp\/v2\/product\/178","targetHints":{"allow":["GET"]}}],"collection":[{"href":"https:\/\/utulok-piestany.sk\/eshop\/wp-json\/wp\/v2\/product"}],"about":[{"href":"https:\/\/utulok-piestany.sk\/eshop\/wp-json\/wp\/v2\/types\/product"}],"replies":[{"embeddable":true,"href":"https:\/\/utulok-piestany.sk\/eshop\/wp-json\/wp\/v2\/comments?post=178"}],"wp:featuredmedia":[{"embeddable":true,"href":"https:\/\/utulok-piestany.sk\/eshop\/wp-json\/wp\/v2\/media\/292"}],"wp:attachment":[{"href":"https:\/\/utulok-piestany.sk\/eshop\/wp-json\/wp\/v2\/media?parent=178"}],"wp:term":[{"taxonomy":"product_cat","embeddable":true,"href":"https:\/\/utulok-piestany.sk\/eshop\/wp-json\/wp\/v2\/product_cat?post=178"},{"taxonomy":"product_tag","embeddable":true,"href":"https:\/\/utulok-piestany.sk\/eshop\/wp-json\/wp\/v2\/product_tag?post=178"}],"curies":[{"name":"wp","href":"https:\/\/api.w.org\/{rel}","templated":true}]}}